{"id":444,"date":"2019-02-12T03:39:56","date_gmt":"2019-02-12T03:39:56","guid":{"rendered":"http:\/\/www.ticogonzalez.com\/?page_id=444"},"modified":"2019-02-12T05:41:03","modified_gmt":"2019-02-12T05:41:03","slug":"aunque-se-pare-la-mula-2","status":"publish","type":"page","link":"https:\/\/www.ticogonzalez.com\/?page_id=444","title":{"rendered":"Aunque se pare la Mula"},"content":{"rendered":"\n<figure class=\"wp-block-image\"><img data-recalc-dims=\"1\" decoding=\"async\" width=\"1024\" height=\"1024\" loading=\"lazy\" src=\"https:\/\/i0.wp.com\/www.ticogonzalez.com\/wp-content\/uploads\/2019\/02\/Tico-Cover-CDBaby-3.jpg?resize=1024%2C1024\" alt=\"\" class=\"wp-image-454\" srcset=\"https:\/\/i0.wp.com\/www.ticogonzalez.com\/wp-content\/uploads\/2019\/02\/Tico-Cover-CDBaby-3.jpg?resize=1024%2C1024&amp;ssl=1 1024w, https:\/\/i0.wp.com\/www.ticogonzalez.com\/wp-content\/uploads\/2019\/02\/Tico-Cover-CDBaby-3.jpg?resize=150%2C150&amp;ssl=1 150w, https:\/\/i0.wp.com\/www.ticogonzalez.com\/wp-content\/uploads\/2019\/02\/Tico-Cover-CDBaby-3.jpg?resize=300%2C300&amp;ssl=1 300w, https:\/\/i0.wp.com\/www.ticogonzalez.com\/wp-content\/uploads\/2019\/02\/Tico-Cover-CDBaby-3.jpg?resize=768%2C768&amp;ssl=1 768w, https:\/\/i0.wp.com\/www.ticogonzalez.com\/wp-content\/uploads\/2019\/02\/Tico-Cover-CDBaby-3.jpg?resize=600%2C600&amp;ssl=1 600w, https:\/\/i0.wp.com\/www.ticogonzalez.com\/wp-content\/uploads\/2019\/02\/Tico-Cover-CDBaby-3.jpg?resize=100%2C100&amp;ssl=1 100w, https:\/\/i0.wp.com\/www.ticogonzalez.com\/wp-content\/uploads\/2019\/02\/Tico-Cover-CDBaby-3.jpg?w=1400&amp;ssl=1 1400w\" sizes=\"auto, (max-width: 1024px) 100vw, 1024px\" \/><figcaption>ArtWork cover for a Radio Version<\/figcaption><\/figure>\n\n\n\n<h5 class=\"wp-block-heading\"> Aunque Se Pare La Mula nos canta al ritmo de un Son Montuno la historia  del campesino Florencio Flores y de La Mula Venancia que se detiene y no  quiere seguir andando por los caminos de la vida. Pero aunque &#8220;La vida  no es f\u00e1cil&#8221; hay que seguir adelante mi hermano! Tico Gonzalez es un creador de historias audio-visuales que mezcla con  ilusi\u00f3n sus dos grandes pasiones la composici\u00f3n musical y la realizaci\u00f3n  de v\u00eddeos. Contar historias que reflejen las experiencias de vida del  ser humano y la realidad que le rodea, es la esencia de su expresi\u00f3n  creadora. <\/h5>\n\n\n\n<p><\/p>\n\n\n\n<h2 class=\"wp-block-heading\"> Ficha t\u00e9cnica de los m\u00fasicos y artistas&nbsp; <\/h2>\n\n\n\n<p>Participaron en la grabaci\u00f3n de: <br> Aunque se pare La Mula.<br> Actuaciones para el videoclip:<br> Guajiro: Chano Isidr\u00f3n<br> Modelo: Andreita Justiniano<br> Modelo: Gabriela Arrieta <br> Corista: Rebeca Rosabal<br> Trompetista: Alejandro Sierra<br> Bongocero\/gal\u00e1n: Liber Amaro<br> Co-Producido por<br> LA MULA MUSIC &amp; YARY MULTIMEDIA<br> Coordinadora de Producci\u00f3n<br> Isabel Urquidi<br> Asistente de Producci\u00f3n <br> Isela Garc\u00eda<br> Op. C\u00e1mara\/DJI\/Drone<br> V\u00edctor Muriel<br> Op. C\u00e1mara\/Co-direcci\u00f3n<br> Fotograf\u00eda: Meg Peterson \/ John Meriles<br> John Meriles   <br> Gui\u00f3n y Co-direcci\u00f3n<br> Roberto \u201cTico\u201d Gonz\u00e1lez<br> Grabaci\u00f3n del Tema: Aunque se para La Mula<br> Arreglo Musical: Tico Gonz\u00e1lez y Azary Alom<br> Guitarras y Ensamble de Midis: Azary Alom<br> Guitarra Acompa\u00f1ante y Voz: Tico Gonz\u00e1lez<br> Trompetas: Johan Leyva<br> Coros: Yanelis Vega<br> Tres Cubano: Maikel Marrero.<br> G\u00e9nero: Latin, Cuban, Pop (Son Montuno). <\/p>\n\n\n\n<figure class=\"wp-block-embed-youtube wp-block-embed is-type-video is-provider-youtube wp-embed-aspect-16-9 wp-has-aspect-ratio\"><div class=\"wp-block-embed__wrapper\">\n<iframe loading=\"lazy\" width=\"1140\" height=\"641\" src=\"https:\/\/www.youtube.com\/embed\/iQn-T_4vGKQ?feature=oembed\" frameborder=\"0\" allow=\"accelerometer; autoplay; encrypted-media; gyroscope; picture-in-picture\" allowfullscreen><\/iframe>\n<\/div><\/figure>\n","protected":false},"excerpt":{"rendered":"<p>Aunque Se Pare La Mula nos canta al ritmo de un Son Montuno la historia del campesino Florencio Flores y de La Mula Venancia que se detiene y no quiere seguir andando por los caminos de la vida. Pero aunque &#8220;La vida no es f\u00e1cil&#8221; hay que seguir adelante mi hermano! Tico Gonzalez es un [&hellip;]<\/p>\n","protected":false},"author":1,"featured_media":0,"parent":0,"menu_order":0,"comment_status":"closed","ping_status":"closed","template":"","meta":{"nf_dc_page":"","om_disable_all_campaigns":false,"footnotes":""},"class_list":["post-444","page","type-page","status-publish","hentry"],"aioseo_notices":[],"jetpack_sharing_enabled":true,"_links":{"self":[{"href":"https:\/\/www.ticogonzalez.com\/index.php?rest_route=\/wp\/v2\/pages\/444","targetHints":{"allow":["GET"]}}],"collection":[{"href":"https:\/\/www.ticogonzalez.com\/index.php?rest_route=\/wp\/v2\/pages"}],"about":[{"href":"https:\/\/www.ticogonzalez.com\/index.php?rest_route=\/wp\/v2\/types\/page"}],"author":[{"embeddable":true,"href":"https:\/\/www.ticogonzalez.com\/index.php?rest_route=\/wp\/v2\/users\/1"}],"replies":[{"embeddable":true,"href":"https:\/\/www.ticogonzalez.com\/index.php?rest_route=%2Fwp%2Fv2%2Fcomments&post=444"}],"version-history":[{"count":8,"href":"https:\/\/www.ticogonzalez.com\/index.php?rest_route=\/wp\/v2\/pages\/444\/revisions"}],"predecessor-version":[{"id":496,"href":"https:\/\/www.ticogonzalez.com\/index.php?rest_route=\/wp\/v2\/pages\/444\/revisions\/496"}],"wp:attachment":[{"href":"https:\/\/www.ticogonzalez.com\/index.php?rest_route=%2Fwp%2Fv2%2Fmedia&parent=444"}],"curies":[{"name":"wp","href":"https:\/\/api.w.org\/{rel}","templated":true}]}}