{"id":3,"date":"2018-03-19T19:40:42","date_gmt":"2018-03-19T19:40:42","guid":{"rendered":"http:\/\/box2019.temp.domains\/~ticogonz\/contact-us\/"},"modified":"2018-03-26T05:48:44","modified_gmt":"2018-03-26T05:48:44","slug":"quiensoy","status":"publish","type":"page","link":"https:\/\/www.ticogonzalez.com\/?page_id=3","title":{"rendered":"Qui\u00e9n soy"},"content":{"rendered":"<p><img data-recalc-dims=\"1\" decoding=\"async\" loading=\"lazy\" class=\"size-full wp-image-150 alignleft\" src=\"https:\/\/i0.wp.com\/box2019.temp.domains\/~ticogonz\/wp-content\/uploads\/2018\/03\/Qui%C3%A9n-soy.jpg?resize=720%2C480\" alt=\"\" width=\"720\" height=\"480\" srcset=\"https:\/\/i0.wp.com\/www.ticogonzalez.com\/wp-content\/uploads\/2018\/03\/Qui%C3%A9n-soy.jpg?w=720&amp;ssl=1 720w, https:\/\/i0.wp.com\/www.ticogonzalez.com\/wp-content\/uploads\/2018\/03\/Qui%C3%A9n-soy.jpg?resize=300%2C200&amp;ssl=1 300w, https:\/\/i0.wp.com\/www.ticogonzalez.com\/wp-content\/uploads\/2018\/03\/Qui%C3%A9n-soy.jpg?resize=600%2C400&amp;ssl=1 600w\" sizes=\"auto, (max-width: 720px) 100vw, 720px\" \/><\/p>\n<h4><u>Quien Soy:<\/u><\/h4>\n<h5>Roberto C. Gonz\u00e1lez (Tico Gonz\u00e1lez) Nacido en La Habana, Cuba en 1974.<\/h5>\n<h5>Lic. en Arte de los Medios de Comunicaci\u00f3n Audiovisual del Instituto Superior de Arte de La Habana en el a\u00f1o 1997.\u00a0 Se dedica profesionalmente a la producci\u00f3n de programas de\u00a0 televisi\u00f3n y a la composici\u00f3n musical. Actualmente, vive en la ciudad de Portland en el estado de Oreg\u00f3n.<\/h5>\n<h5>Tico Gonz\u00e1lez compositor, cantante y creador audiovisual fusiona dos grandes pasiones en su obra art\u00edstica: la m\u00fasica y las im\u00e1genes cinematogr\u00e1ficas.<\/h5>\n<h5>Es precisamente en la apreciaci\u00f3n de la belleza en el contenido, y de la creatividad en la forma, donde converge su fascinaci\u00f3n por la b\u00fasqueda de una po\u00e9tica propia.<\/h5>\n<h5>Su experiencia de vida le inspira para contar historias y crear personajes que intentan compartir un mensaje lleno de ense\u00f1anza, amor y espiritualidad.<\/h5>\n<h5>Entre sus obras m\u00e1s recientes se encuentran la serie de programas musicales de Tualatin Valley Community TV: NW Sounds y el sencillo: Aunque se pare la Mula. Este \u00faltimo producido de manera independiente por La Mula Music y publicado comercialmente por CD Baby.<\/h5>\n","protected":false},"excerpt":{"rendered":"<p>Quien Soy: Roberto C. Gonz\u00e1lez (Tico Gonz\u00e1lez) Nacido en La Habana, Cuba en 1974. Lic. en Arte de los Medios de Comunicaci\u00f3n Audiovisual del Instituto Superior de Arte de La Habana en el a\u00f1o 1997.\u00a0 Se dedica profesionalmente a la producci\u00f3n de programas de\u00a0 televisi\u00f3n y a la composici\u00f3n musical. Actualmente, vive en la ciudad [&hellip;]<\/p>\n","protected":false},"author":1,"featured_media":0,"parent":0,"menu_order":2,"comment_status":"closed","ping_status":"closed","template":"","meta":{"nf_dc_page":"","om_disable_all_campaigns":false,"footnotes":""},"class_list":["post-3","page","type-page","status-publish","hentry"],"aioseo_notices":[],"jetpack_sharing_enabled":true,"_links":{"self":[{"href":"https:\/\/www.ticogonzalez.com\/index.php?rest_route=\/wp\/v2\/pages\/3","targetHints":{"allow":["GET"]}}],"collection":[{"href":"https:\/\/www.ticogonzalez.com\/index.php?rest_route=\/wp\/v2\/pages"}],"about":[{"href":"https:\/\/www.ticogonzalez.com\/index.php?rest_route=\/wp\/v2\/types\/page"}],"author":[{"embeddable":true,"href":"https:\/\/www.ticogonzalez.com\/index.php?rest_route=\/wp\/v2\/users\/1"}],"replies":[{"embeddable":true,"href":"https:\/\/www.ticogonzalez.com\/index.php?rest_route=%2Fwp%2Fv2%2Fcomments&post=3"}],"version-history":[{"count":10,"href":"https:\/\/www.ticogonzalez.com\/index.php?rest_route=\/wp\/v2\/pages\/3\/revisions"}],"predecessor-version":[{"id":154,"href":"https:\/\/www.ticogonzalez.com\/index.php?rest_route=\/wp\/v2\/pages\/3\/revisions\/154"}],"wp:attachment":[{"href":"https:\/\/www.ticogonzalez.com\/index.php?rest_route=%2Fwp%2Fv2%2Fmedia&parent=3"}],"curies":[{"name":"wp","href":"https:\/\/api.w.org\/{rel}","templated":true}]}}