{"id":227,"date":"2018-03-28T06:25:05","date_gmt":"2018-03-28T06:25:05","guid":{"rendered":"http:\/\/box2019.temp.domains\/~ticogonz\/?page_id=227"},"modified":"2018-04-07T11:20:14","modified_gmt":"2018-04-07T11:20:14","slug":"musica","status":"publish","type":"page","link":"https:\/\/www.ticogonzalez.com\/?page_id=227","title":{"rendered":"Participaron"},"content":{"rendered":"<h4><\/h4>\n<p><img data-recalc-dims=\"1\" decoding=\"async\" loading=\"lazy\" class=\"wp-image-69 size-large aligncenter\" src=\"https:\/\/i0.wp.com\/box2019.temp.domains\/~ticogonz\/wp-content\/uploads\/2018\/03\/Tico-7_far-Sepia-1024x683.jpg?resize=1024%2C683\" alt=\"\" width=\"1024\" height=\"683\" srcset=\"https:\/\/i0.wp.com\/www.ticogonzalez.com\/wp-content\/uploads\/2018\/03\/Tico-7_far-Sepia.jpg?resize=1024%2C683&amp;ssl=1 1024w, https:\/\/i0.wp.com\/www.ticogonzalez.com\/wp-content\/uploads\/2018\/03\/Tico-7_far-Sepia.jpg?resize=300%2C200&amp;ssl=1 300w, https:\/\/i0.wp.com\/www.ticogonzalez.com\/wp-content\/uploads\/2018\/03\/Tico-7_far-Sepia.jpg?resize=768%2C512&amp;ssl=1 768w, https:\/\/i0.wp.com\/www.ticogonzalez.com\/wp-content\/uploads\/2018\/03\/Tico-7_far-Sepia.jpg?resize=600%2C400&amp;ssl=1 600w, https:\/\/i0.wp.com\/www.ticogonzalez.com\/wp-content\/uploads\/2018\/03\/Tico-7_far-Sepia.jpg?w=1920&amp;ssl=1 1920w\" sizes=\"auto, (max-width: 1024px) 100vw, 1024px\" \/><\/p>\n<h5>Una creaci\u00f3n con la participaci\u00f3n de profesionales en el campo de la m\u00fasica.<\/h5>\n<h5>Una Canci\u00f3n realizada en Cuba, Estados Unidos y M\u00e9xico.<\/h5>\n<h5>Ficha t\u00e9cnica de los m\u00fasicos que participaron en la grabaci\u00f3n de:<br \/>\n&#8220;AUNQUE SE PARE LA MULA&#8221;<br \/>\nArreglo musical: Roberto \u201cTico\u201d Gonz\u00e1lez y Azary Alom<br \/>\nCoros: Roberto \u201cTico\u201d Gonz\u00e1lez \/\u00a0Yanelis Vega<br \/>\nGuitarras y Ensamble de Midis: Azary Alom<br \/>\nGuitarra Acompa\u00f1ante: Roberto \u201cTico\u201d Gonz\u00e1lez<br \/>\nTrompetas: Johan Leyva<\/h5>\n<p>&nbsp;<\/p>\n","protected":false},"excerpt":{"rendered":"<p>Una creaci\u00f3n con la participaci\u00f3n de profesionales en el campo de la m\u00fasica. Una Canci\u00f3n realizada en Cuba, Estados Unidos y M\u00e9xico. Ficha t\u00e9cnica de los m\u00fasicos que participaron en la grabaci\u00f3n de: &#8220;AUNQUE SE PARE LA MULA&#8221; Arreglo musical: Roberto \u201cTico\u201d Gonz\u00e1lez y Azary Alom Coros: Roberto \u201cTico\u201d Gonz\u00e1lez \/\u00a0Yanelis Vega Guitarras y Ensamble [&hellip;]<\/p>\n","protected":false},"author":1,"featured_media":0,"parent":390,"menu_order":0,"comment_status":"closed","ping_status":"closed","template":"","meta":{"nf_dc_page":"","om_disable_all_campaigns":false,"footnotes":""},"class_list":["post-227","page","type-page","status-publish","hentry"],"aioseo_notices":[],"jetpack_sharing_enabled":true,"_links":{"self":[{"href":"https:\/\/www.ticogonzalez.com\/index.php?rest_route=\/wp\/v2\/pages\/227","targetHints":{"allow":["GET"]}}],"collection":[{"href":"https:\/\/www.ticogonzalez.com\/index.php?rest_route=\/wp\/v2\/pages"}],"about":[{"href":"https:\/\/www.ticogonzalez.com\/index.php?rest_route=\/wp\/v2\/types\/page"}],"author":[{"embeddable":true,"href":"https:\/\/www.ticogonzalez.com\/index.php?rest_route=\/wp\/v2\/users\/1"}],"replies":[{"embeddable":true,"href":"https:\/\/www.ticogonzalez.com\/index.php?rest_route=%2Fwp%2Fv2%2Fcomments&post=227"}],"version-history":[{"count":14,"href":"https:\/\/www.ticogonzalez.com\/index.php?rest_route=\/wp\/v2\/pages\/227\/revisions"}],"predecessor-version":[{"id":397,"href":"https:\/\/www.ticogonzalez.com\/index.php?rest_route=\/wp\/v2\/pages\/227\/revisions\/397"}],"up":[{"embeddable":true,"href":"https:\/\/www.ticogonzalez.com\/index.php?rest_route=\/wp\/v2\/pages\/390"}],"wp:attachment":[{"href":"https:\/\/www.ticogonzalez.com\/index.php?rest_route=%2Fwp%2Fv2%2Fmedia&parent=227"}],"curies":[{"name":"wp","href":"https:\/\/api.w.org\/{rel}","templated":true}]}}