{"id":166,"date":"2018-03-26T05:13:10","date_gmt":"2018-03-26T05:13:10","guid":{"rendered":"http:\/\/box2019.temp.domains\/~ticogonz\/?page_id=166"},"modified":"2018-04-07T10:45:08","modified_gmt":"2018-04-07T10:45:08","slug":"historia","status":"publish","type":"page","link":"https:\/\/www.ticogonzalez.com\/?page_id=166","title":{"rendered":"Historia"},"content":{"rendered":"<p><img data-recalc-dims=\"1\" decoding=\"async\" loading=\"lazy\" class=\"size-medium wp-image-156 alignleft\" src=\"https:\/\/i0.wp.com\/box2019.temp.domains\/~ticogonz\/wp-content\/uploads\/2018\/03\/TICOG-HistoriaCancion-300x300.jpg?resize=300%2C300\" alt=\"\" width=\"300\" height=\"300\" srcset=\"https:\/\/i0.wp.com\/www.ticogonzalez.com\/wp-content\/uploads\/2018\/03\/TICOG-HistoriaCancion.jpg?resize=300%2C300&amp;ssl=1 300w, https:\/\/i0.wp.com\/www.ticogonzalez.com\/wp-content\/uploads\/2018\/03\/TICOG-HistoriaCancion.jpg?resize=150%2C150&amp;ssl=1 150w, https:\/\/i0.wp.com\/www.ticogonzalez.com\/wp-content\/uploads\/2018\/03\/TICOG-HistoriaCancion.jpg?resize=768%2C768&amp;ssl=1 768w, https:\/\/i0.wp.com\/www.ticogonzalez.com\/wp-content\/uploads\/2018\/03\/TICOG-HistoriaCancion.jpg?resize=600%2C600&amp;ssl=1 600w, https:\/\/i0.wp.com\/www.ticogonzalez.com\/wp-content\/uploads\/2018\/03\/TICOG-HistoriaCancion.jpg?resize=100%2C100&amp;ssl=1 100w, https:\/\/i0.wp.com\/www.ticogonzalez.com\/wp-content\/uploads\/2018\/03\/TICOG-HistoriaCancion.jpg?w=800&amp;ssl=1 800w\" sizes=\"auto, (max-width: 300px) 100vw, 300px\" \/><\/p>\n<p><strong><u>Historia de la canci\u00f3n:<\/u><\/strong><\/p>\n<h5>La canci\u00f3n Aunque se pare La Mula, surgi\u00f3 gracias a las experiencias vividas por mi familia durante nuestro recorrido migratorio; primero de Cuba a Costa Rica y luego de Centro Am\u00e9rica a los Estados Unidos. La verdad es que despu\u00e9s de muchas dificultades y obst\u00e1culos, logramos llegar a Norte Am\u00e9rica y tener la oportunidad de comenzar una vida nueva en la ciudad de Portland, en el estado de Oreg\u00f3n.<\/h5>\n<h5>Gracias a la ayuda del centro para refugiados del estado, de folkloristas como Laura Marcus, de programas culturales tales como \u201cArt for New Immigrants y por la generosidad de amigos y m\u00fasicos locales como Jan DeWeese, es que pude insertarme en la vida art\u00edstica de la ciudad y tener una guitarra.<\/h5>\n<h5>Entonces, empezamos a colaborar en varios proyectos musicales y fue cuando componer y tocar m\u00fasica cubana se convirti\u00f3 para m\u00ed, en un modo de vida y en un medio esencial de expresi\u00f3n.<img data-recalc-dims=\"1\" decoding=\"async\" loading=\"lazy\" class=\"wp-image-222 size-medium alignright\" src=\"https:\/\/i0.wp.com\/box2019.temp.domains\/~ticogonz\/wp-content\/uploads\/2018\/03\/2005-CUBA-Ache-Washington-Park-Summer-Concert-webBW-208x300.jpg?resize=208%2C300\" alt=\"\" width=\"208\" height=\"300\" srcset=\"https:\/\/i0.wp.com\/www.ticogonzalez.com\/wp-content\/uploads\/2018\/03\/2005-CUBA-Ache-Washington-Park-Summer-Concert-webBW.jpg?resize=208%2C300&amp;ssl=1 208w, https:\/\/i0.wp.com\/www.ticogonzalez.com\/wp-content\/uploads\/2018\/03\/2005-CUBA-Ache-Washington-Park-Summer-Concert-webBW.jpg?w=498&amp;ssl=1 498w\" sizes=\"auto, (max-width: 208px) 100vw, 208px\" \/><\/h5>\n<h5>En cuanto al tema, lo primero que se me ocurri\u00f3 fue el coro del Son Montuno: \u201cLa vida no es f\u00e1cil, la vida es muy dura, pero hay que seguir pa\u2019lante mi hermano\u2026 aunque se pare La Mula.\u201d Y unos meses despu\u00e9s fui componiendo la m\u00fasica y escribiendo las diferentes estrofas que narran historias de superaci\u00f3n personal e incorpora personajes t\u00edpicos como son el g\u00fcajiro Florencio y la mula Venancia.<\/h5>\n<h5>A trav\u00e9s de los a\u00f1os interpret\u00e9 la canci\u00f3n con diferentes grupos y formatos musicales, \u00a0la cual se fue enriqueciendo poco a poco y fuimos agreg\u00e1ndole elementos como la introducci\u00f3n, el mambo las improvisaciones etc.<\/h5>\n<h5>Finalmente, \u201cAunque se pare La Mula\u201d se convirti\u00f3 as\u00ed en mi canci\u00f3n m\u00e1s popular, cantada y bailada por audiencias de todas las edades y origen cultural.<\/h5>\n<h5>Es por esa raz\u00f3n que decid\u00ed grabarla profesionalmente, con la participaci\u00f3n de excelentes m\u00fasicos cubanos y con arreglo musical m\u00edo y de Azary Alom.<\/h5>\n<h5>Siempre deseando que la canci\u00f3n saliera a la luz y con el objetivo de darla a conocer al mundo, a un p\u00fablico m\u00e1s amplio y diverso, para el agrado de la presente y de las futuras generaciones.<\/h5>\n","protected":false},"excerpt":{"rendered":"<p>Historia de la canci\u00f3n: La canci\u00f3n Aunque se pare La Mula, surgi\u00f3 gracias a las experiencias vividas por mi familia durante nuestro recorrido migratorio; primero de Cuba a Costa Rica y luego de Centro Am\u00e9rica a los Estados Unidos. La verdad es que despu\u00e9s de muchas dificultades y obst\u00e1culos, logramos llegar a Norte Am\u00e9rica y [&hellip;]<\/p>\n","protected":false},"author":1,"featured_media":0,"parent":390,"menu_order":0,"comment_status":"closed","ping_status":"closed","template":"","meta":{"nf_dc_page":"","om_disable_all_campaigns":false,"footnotes":""},"class_list":["post-166","page","type-page","status-publish","hentry"],"aioseo_notices":[],"jetpack_sharing_enabled":true,"_links":{"self":[{"href":"https:\/\/www.ticogonzalez.com\/index.php?rest_route=\/wp\/v2\/pages\/166","targetHints":{"allow":["GET"]}}],"collection":[{"href":"https:\/\/www.ticogonzalez.com\/index.php?rest_route=\/wp\/v2\/pages"}],"about":[{"href":"https:\/\/www.ticogonzalez.com\/index.php?rest_route=\/wp\/v2\/types\/page"}],"author":[{"embeddable":true,"href":"https:\/\/www.ticogonzalez.com\/index.php?rest_route=\/wp\/v2\/users\/1"}],"replies":[{"embeddable":true,"href":"https:\/\/www.ticogonzalez.com\/index.php?rest_route=%2Fwp%2Fv2%2Fcomments&post=166"}],"version-history":[{"count":5,"href":"https:\/\/www.ticogonzalez.com\/index.php?rest_route=\/wp\/v2\/pages\/166\/revisions"}],"predecessor-version":[{"id":223,"href":"https:\/\/www.ticogonzalez.com\/index.php?rest_route=\/wp\/v2\/pages\/166\/revisions\/223"}],"up":[{"embeddable":true,"href":"https:\/\/www.ticogonzalez.com\/index.php?rest_route=\/wp\/v2\/pages\/390"}],"wp:attachment":[{"href":"https:\/\/www.ticogonzalez.com\/index.php?rest_route=%2Fwp%2Fv2%2Fmedia&parent=166"}],"curies":[{"name":"wp","href":"https:\/\/api.w.org\/{rel}","templated":true}]}}