{"id":126,"date":"2018-03-23T08:23:20","date_gmt":"2018-03-23T08:23:20","guid":{"rendered":"http:\/\/box2019.temp.domains\/~ticogonz\/?page_id=126"},"modified":"2018-03-30T07:35:11","modified_gmt":"2018-03-30T07:35:11","slug":"concepto-y-contenido","status":"publish","type":"page","link":"https:\/\/www.ticogonzalez.com\/?page_id=126","title":{"rendered":"Concepto y Contenido"},"content":{"rendered":"<ul>\n<li>\n<h4><strong>Concepto:<\/strong> El desarrollo de una po\u00e9tica propia que rescata la b\u00fasqueda de la belleza en los contenidos y la creatividad en las formas. Compartir un mensaje de amor, de FE, de esperanza y con una visi\u00f3n cr\u00edtica ante las realidades sociales de Hispano-Am\u00e9rica.<\/h4>\n<\/li>\n<li>\n<h4><strong>Contenido:<\/strong> Musical y narrativa. Manteniendo una comunicaci\u00f3n directa, sincera y basada en la sencillez humana y el respeto \u00e9tico con el p\u00fablico.<\/h4>\n<\/li>\n<li>\n<h4><strong>Acci\u00f3n:<\/strong> Crear un escenario integrado con fines promocionales y de difusi\u00f3n. Estableceremos adem\u00e1s los mecanismos para comercializar toda producci\u00f3n por medio de tiendas virtuales como iTunes, Amazon Music, CD Baby y otros. Desarrollaremos la posibilidad de compilar grabaciones en futuros CDs &amp; DVDs.<\/h4>\n<\/li>\n<\/ul>\n","protected":false},"excerpt":{"rendered":"<p>Concepto: El desarrollo de una po\u00e9tica propia que rescata la b\u00fasqueda de la belleza en los contenidos y la creatividad en las formas. Compartir un mensaje de amor, de FE, de esperanza y con una visi\u00f3n cr\u00edtica ante las realidades sociales de Hispano-Am\u00e9rica. Contenido: Musical y narrativa. Manteniendo una comunicaci\u00f3n directa, sincera y basada en [&hellip;]<\/p>\n","protected":false},"author":1,"featured_media":0,"parent":3,"menu_order":4,"comment_status":"closed","ping_status":"closed","template":"","meta":{"nf_dc_page":"","om_disable_all_campaigns":false,"footnotes":""},"class_list":["post-126","page","type-page","status-publish","hentry"],"aioseo_notices":[],"jetpack_sharing_enabled":true,"_links":{"self":[{"href":"https:\/\/www.ticogonzalez.com\/index.php?rest_route=\/wp\/v2\/pages\/126","targetHints":{"allow":["GET"]}}],"collection":[{"href":"https:\/\/www.ticogonzalez.com\/index.php?rest_route=\/wp\/v2\/pages"}],"about":[{"href":"https:\/\/www.ticogonzalez.com\/index.php?rest_route=\/wp\/v2\/types\/page"}],"author":[{"embeddable":true,"href":"https:\/\/www.ticogonzalez.com\/index.php?rest_route=\/wp\/v2\/users\/1"}],"replies":[{"embeddable":true,"href":"https:\/\/www.ticogonzalez.com\/index.php?rest_route=%2Fwp%2Fv2%2Fcomments&post=126"}],"version-history":[{"count":2,"href":"https:\/\/www.ticogonzalez.com\/index.php?rest_route=\/wp\/v2\/pages\/126\/revisions"}],"predecessor-version":[{"id":131,"href":"https:\/\/www.ticogonzalez.com\/index.php?rest_route=\/wp\/v2\/pages\/126\/revisions\/131"}],"up":[{"embeddable":true,"href":"https:\/\/www.ticogonzalez.com\/index.php?rest_route=\/wp\/v2\/pages\/3"}],"wp:attachment":[{"href":"https:\/\/www.ticogonzalez.com\/index.php?rest_route=%2Fwp%2Fv2%2Fmedia&parent=126"}],"curies":[{"name":"wp","href":"https:\/\/api.w.org\/{rel}","templated":true}]}}