{"id":124,"date":"2018-03-23T08:22:02","date_gmt":"2018-03-23T08:22:02","guid":{"rendered":"http:\/\/box2019.temp.domains\/~ticogonz\/?page_id=124"},"modified":"2018-03-30T10:50:38","modified_gmt":"2018-03-30T10:50:38","slug":"vision-y-mision","status":"publish","type":"page","link":"https:\/\/www.ticogonzalez.com\/?page_id=124","title":{"rendered":"Visi\u00f3n y Misi\u00f3n"},"content":{"rendered":"<h5><img data-recalc-dims=\"1\" decoding=\"async\" loading=\"lazy\" class=\"size-medium wp-image-194 alignleft\" src=\"https:\/\/i0.wp.com\/box2019.temp.domains\/~ticogonz\/wp-content\/uploads\/2018\/03\/Mision-Vision-200x300.jpg?resize=200%2C300\" alt=\"\" width=\"200\" height=\"300\" srcset=\"https:\/\/i0.wp.com\/www.ticogonzalez.com\/wp-content\/uploads\/2018\/03\/Mision-Vision.jpg?resize=200%2C300&amp;ssl=1 200w, https:\/\/i0.wp.com\/www.ticogonzalez.com\/wp-content\/uploads\/2018\/03\/Mision-Vision.jpg?resize=600%2C900&amp;ssl=1 600w, https:\/\/i0.wp.com\/www.ticogonzalez.com\/wp-content\/uploads\/2018\/03\/Mision-Vision.jpg?w=640&amp;ssl=1 640w\" sizes=\"auto, (max-width: 200px) 100vw, 200px\" \/><\/h5>\n<h5>Estos son algunos principios b\u00e1sicos a seguir y puntos de partida para continuar desarrollando con coherencia en el futuro las proyecciones art\u00edsticas y human\u00edsticas de nuestro proyecto.<\/h5>\n<ul>\n<li>\n<h5><strong><u>Visi\u00f3n: <\/u><\/strong><\/h5>\n<h5>Fusionar g\u00e9neros y ritmos de la m\u00fasica cubana, incorporando sonoridades y elementos contempor\u00e1neos de la m\u00fasica Pop; preservando tradiciones y desarrollando las mismas, de manera creativa.<\/h5>\n<h5><strong><u>Misi\u00f3n:<\/u><\/strong><\/h5>\n<h5>Comunicar en la obra musical y audiovisual del artista un mensaje positivo y esperanzador al mundo. Compartir en un lenguaje directo y sencillo historias inspiradoras para el p\u00fablico Hispano-Americano; a trav\u00e9s de sus presentaciones musicales, actuaciones ante el p\u00fablico, entrevistas, v\u00eddeos y otras formas de difusi\u00f3n.<\/h5>\n<\/li>\n<\/ul>\n","protected":false},"excerpt":{"rendered":"<p>Estos son algunos principios b\u00e1sicos a seguir y puntos de partida para continuar desarrollando con coherencia en el futuro las proyecciones art\u00edsticas y human\u00edsticas de nuestro proyecto. Visi\u00f3n: Fusionar g\u00e9neros y ritmos de la m\u00fasica cubana, incorporando sonoridades y elementos contempor\u00e1neos de la m\u00fasica Pop; preservando tradiciones y desarrollando las mismas, de manera creativa. Misi\u00f3n: [&hellip;]<\/p>\n","protected":false},"author":1,"featured_media":0,"parent":3,"menu_order":3,"comment_status":"closed","ping_status":"closed","template":"","meta":{"nf_dc_page":"","om_disable_all_campaigns":false,"footnotes":""},"class_list":["post-124","page","type-page","status-publish","hentry"],"aioseo_notices":[],"jetpack_sharing_enabled":true,"_links":{"self":[{"href":"https:\/\/www.ticogonzalez.com\/index.php?rest_route=\/wp\/v2\/pages\/124","targetHints":{"allow":["GET"]}}],"collection":[{"href":"https:\/\/www.ticogonzalez.com\/index.php?rest_route=\/wp\/v2\/pages"}],"about":[{"href":"https:\/\/www.ticogonzalez.com\/index.php?rest_route=\/wp\/v2\/types\/page"}],"author":[{"embeddable":true,"href":"https:\/\/www.ticogonzalez.com\/index.php?rest_route=\/wp\/v2\/users\/1"}],"replies":[{"embeddable":true,"href":"https:\/\/www.ticogonzalez.com\/index.php?rest_route=%2Fwp%2Fv2%2Fcomments&post=124"}],"version-history":[{"count":4,"href":"https:\/\/www.ticogonzalez.com\/index.php?rest_route=\/wp\/v2\/pages\/124\/revisions"}],"predecessor-version":[{"id":196,"href":"https:\/\/www.ticogonzalez.com\/index.php?rest_route=\/wp\/v2\/pages\/124\/revisions\/196"}],"up":[{"embeddable":true,"href":"https:\/\/www.ticogonzalez.com\/index.php?rest_route=\/wp\/v2\/pages\/3"}],"wp:attachment":[{"href":"https:\/\/www.ticogonzalez.com\/index.php?rest_route=%2Fwp%2Fv2%2Fmedia&parent=124"}],"curies":[{"name":"wp","href":"https:\/\/api.w.org\/{rel}","templated":true}]}}